{"id":615,"date":"2025-10-17T13:58:03","date_gmt":"2025-10-17T13:58:03","guid":{"rendered":"http:\/\/golpederemo.myds.me\/wordpress\/?page_id=615"},"modified":"2025-12-09T13:27:18","modified_gmt":"2025-12-09T12:27:18","slug":"prueba","status":"publish","type":"page","link":"https:\/\/golpederemo.com\/","title":{"rendered":","},"content":{"rendered":"\n<p><\/p>\n\n\n\n<figure class=\"wp-block-gallery alignleft has-nested-images columns-default is-cropped wp-block-gallery-1 is-layout-flex wp-block-gallery-is-layout-flex\">\n<figure class=\"wp-block-image size-full\"><img loading=\"lazy\" decoding=\"async\" width=\"2331\" height=\"2331\" data-id=\"135\" src=\"http:\/\/golpederemo.myds.me\/wordpress\/wp-content\/uploads\/2024\/02\/DYKC4956-2.jpg\" alt=\"\" class=\"wp-image-135\" srcset=\"https:\/\/golpederemo.com\/wp-content\/uploads\/2024\/02\/DYKC4956-2.jpg 2331w, https:\/\/golpederemo.com\/wp-content\/uploads\/2024\/02\/DYKC4956-2-300x300.jpg 300w, https:\/\/golpederemo.com\/wp-content\/uploads\/2024\/02\/DYKC4956-2-1024x1024.jpg 1024w, https:\/\/golpederemo.com\/wp-content\/uploads\/2024\/02\/DYKC4956-2-150x150.jpg 150w, https:\/\/golpederemo.com\/wp-content\/uploads\/2024\/02\/DYKC4956-2-768x768.jpg 768w, https:\/\/golpederemo.com\/wp-content\/uploads\/2024\/02\/DYKC4956-2-1536x1536.jpg 1536w, https:\/\/golpederemo.com\/wp-content\/uploads\/2024\/02\/DYKC4956-2-2048x2048.jpg 2048w, https:\/\/golpederemo.com\/wp-content\/uploads\/2024\/02\/DYKC4956-2-100x100.jpg 100w\" sizes=\"auto, (max-width: 767px) 89vw, (max-width: 1000px) 54vw, (max-width: 1071px) 543px, 580px\" \/><\/figure>\n<\/figure>\n\n\n\n<div class=\"wp-block-columns is-layout-flex wp-container-core-columns-is-layout-9d6595d7 wp-block-columns-is-layout-flex\">\n<div class=\"wp-block-column is-layout-flow wp-block-column-is-layout-flow\" style=\"flex-basis:100%\">\n<pre class=\"wp-block-preformatted has-black-color has-text-color has-background has-link-color has-small-font-size wp-elements-a709dbb0d6328d819ebba6e6b0e4ee64\" style=\"background:linear-gradient(135deg,rgb(238,238,238) 0%,rgb(250,250,250) 70%,rgb(169,184,195) 100%)\"><strong>Alb\u00fam de Fotos<\/strong><br>Se pueden visualizar por a\u00f1os,<br>por tipo de competici\u00f3n,<br>autonomicas, regatas \u00f3<br>internacionales<br><strong><a href=\"https:\/\/golpederemo.myds.me\/wordpress\/?page_id=702\" target=\"_blank\" rel=\"noreferrer noopener\">-.Regatas<\/a><br><a href=\"https:\/\/golpederemo.myds.me\/wordpress\/?page_id=694\">-.Autonomicas<\/a><\/strong><br><strong><a href=\"http:\/\/golpederemo.myds.me\/wordpress\/?page_id=686\" target=\"_blank\" rel=\"noreferrer noopener\">-.Nacionales<\/a><br><a href=\"http:\/\/golpederemo.myds.me\/wordpress\/?page_id=674\" target=\"_blank\" rel=\"noreferrer noopener\">-.Internacionales<\/a><br><a href=\"https:\/\/golpederemo.myds.me\/wordpress\/?page_id=716\">-.Copa<\/a><br><a href=\"https:\/\/golpederemo.myds.me\/wordpress\/?page_id=714\">-.Campeonatos<\/a><br><a href=\"https:\/\/golpederemo.myds.me\/wordpress\/?page_id=706\">-.Pista<\/a><br><a href=\"https:\/\/golpederemo.myds.me\/wordpress\/?page_id=708\">-.Marat\u00f3n<\/a><\/strong><br><strong><a href=\"https:\/\/golpederemo.myds.me\/wordpress\/?page_id=704\">-. Descensos y Rios<\/a><\/strong><br><br><br><br><br><\/pre>\n<\/div>\n<\/div>\n\n\n\n<p><\/p>\n\n\n\n<p><\/p>\n\n\n\n<p><\/p>\n\n\n\n<div class=\"wp-block-group\"><div class=\"wp-block-group__inner-container is-layout-constrained wp-block-group-is-layout-constrained\">\n<div class=\"wp-block-buttons is-layout-flex wp-block-buttons-is-layout-flex\">\n<div class=\"wp-block-button\"><a class=\"wp-block-button__link wp-element-button\">Volver<\/a><\/div>\n<\/div>\n<\/div><\/div>\n","protected":false},"excerpt":{"rendered":"<p>Alb\u00fam de FotosSe pueden visualizar por a\u00f1os,por tipo de competici\u00f3n,autonomicas, regatas \u00f3internacionales-.Regatas-.Autonomicas-.Nacionales-.Internacionales-.Copa-.Campeonatos-.Pista-.Marat\u00f3n-. Descensos y Rios<\/p>\n","protected":false},"author":1,"featured_media":0,"parent":0,"menu_order":0,"comment_status":"closed","ping_status":"closed","template":"","meta":{"footnotes":""},"class_list":["post-615","page","type-page","status-publish","hentry"],"_links":{"self":[{"href":"https:\/\/golpederemo.com\/index.php?rest_route=\/wp\/v2\/pages\/615","targetHints":{"allow":["GET"]}}],"collection":[{"href":"https:\/\/golpederemo.com\/index.php?rest_route=\/wp\/v2\/pages"}],"about":[{"href":"https:\/\/golpederemo.com\/index.php?rest_route=\/wp\/v2\/types\/page"}],"author":[{"embeddable":true,"href":"https:\/\/golpederemo.com\/index.php?rest_route=\/wp\/v2\/users\/1"}],"replies":[{"embeddable":true,"href":"https:\/\/golpederemo.com\/index.php?rest_route=%2Fwp%2Fv2%2Fcomments&post=615"}],"version-history":[{"count":40,"href":"https:\/\/golpederemo.com\/index.php?rest_route=\/wp\/v2\/pages\/615\/revisions"}],"predecessor-version":[{"id":897,"href":"https:\/\/golpederemo.com\/index.php?rest_route=\/wp\/v2\/pages\/615\/revisions\/897"}],"wp:attachment":[{"href":"https:\/\/golpederemo.com\/index.php?rest_route=%2Fwp%2Fv2%2Fmedia&parent=615"}],"curies":[{"name":"wp","href":"https:\/\/api.w.org\/{rel}","templated":true}]}}