{"id":309,"date":"2024-12-08T18:00:48","date_gmt":"2024-12-08T18:00:48","guid":{"rendered":"http:\/\/golpederemo.myds.me\/wordpress\/?page_id=309"},"modified":"2025-12-28T18:05:20","modified_gmt":"2025-12-28T17:05:20","slug":"2024-2","status":"publish","type":"page","link":"https:\/\/golpederemo.com\/?page_id=309","title":{"rendered":"2024"},"content":{"rendered":"\n<p><strong><a href=\"https:\/\/photos.app.goo.gl\/Q7VnZtoLM49RWjiM6\" target=\"_blank\" rel=\"noreferrer noopener\">XIX Campeonato de Invierno de CLM. Las Herencias 4  Febrero  2024<\/a><\/strong><\/p>\n\n\n\n<p><strong><a rel=\"noreferrer noopener\" href=\"https:\/\/photos.app.goo.gl\/fxvcvFKhBTRcg9V47\" target=\"_blank\">LIV Campeonato de Espa\u00f1a de Invierno. Sevilla 10  Marzo  2024<\/a><\/strong><\/p>\n\n\n\n<p><strong>I<a href=\"https:\/\/photos.app.goo.gl\/DbiDZXx4fuFi5Eoc8\" target=\"_blank\" rel=\"noreferrer noopener\"> Copa Espa\u00f1a Sprint Ol\u00edmpico. Berducido 13  Marzo<\/a><\/strong><\/p>\n\n\n\n<p><strong><a href=\"https:\/\/photos.app.goo.gl\/5f2tvjRZr22Rv41H9\" target=\"_blank\" rel=\"noreferrer noopener\">Campeonato de Espa\u00f1a Medio Marat\u00f3n. Aranjuez 20,21  Abril 2024<\/a><\/strong><\/p>\n\n\n\n<p><strong><a href=\"https:\/\/photos.app.goo.gl\/8TNtQ2SzaHBcaV8AA\" target=\"_blank\" rel=\"noreferrer noopener\">Campeonato de Espa\u00f1a de Traves\u00edas.Colindres 11 Mayo 2024<\/a><\/strong><\/p>\n\n\n\n<p><strong><a href=\"https:\/\/photos.app.goo.gl\/7NqqGhXsDdLX9Jzc6\" target=\"_blank\" rel=\"noreferrer noopener\">Copa Espa\u00f1a Sprint Ol\u00edmpico. Sevilla 25.26 Mayo 2024<\/a><\/strong><\/p>\n\n\n\n<p><strong><a href=\"https:\/\/photos.app.goo.gl\/wVsuANQWEC8rG1Mu9\" target=\"_blank\" rel=\"noreferrer noopener\">Campeonato Espa\u00f1a Marat\u00f3n. Castrelo de Mi\u00f1o 9 Junio 2024<\/a><\/strong><\/p>\n\n\n\n<p><strong><a href=\"https:\/\/photos.app.goo.gl\/yrStzyYvmUe8TMsr6\" target=\"_blank\" rel=\"noreferrer noopener\">Copa Espa\u00f1a Marat\u00f3n. Pontevedra. 16, 17 y 18 Agosto 2024<\/a><\/strong><\/p>\n\n\n\n<p><strong><a href=\"https:\/\/photos.app.goo.gl\/HvQDcD3T7CH7ATvcA\" target=\"_blank\" rel=\"noreferrer noopener\">Descenso del Mi\u00f1o. Salvaterra de Mi\u00f1o. 24 Agosto 2024<\/a><\/strong><\/p>\n\n\n\n<p><strong><a href=\"https:\/\/photos.app.goo.gl\/3YckHJRdCMxAe54r7\" target=\"_blank\" rel=\"noreferrer noopener\">XXIII Trofeo Interterritorial Puente a Puente. 1 Septiembre 2024<\/a><\/strong><\/p>\n\n\n\n<div class=\"wp-block-buttons is-content-justification-center is-layout-flex wp-container-core-buttons-is-layout-14c487f4 wp-block-buttons-is-layout-flex\">\n<div class=\"wp-block-button is-style-outline is-style-outline--1\"><a class=\"wp-block-button__link wp-element-button\" href=\"http:\/\/golpederemo.com\/wordpress\/?page_id=85\">Volver<\/a><\/div>\n<\/div>\n","protected":false},"excerpt":{"rendered":"<p>XIX Campeonato de Invierno de CLM. Las Herencias 4 Febrero 2024 LIV Campeonato de Espa\u00f1a de Invierno. Sevilla 10 Marzo 2024 I Copa Espa\u00f1a Sprint Ol\u00edmpico. Berducido 13 Marzo Campeonato de Espa\u00f1a Medio Marat\u00f3n. Aranjuez 20,21 Abril 2024 Campeonato de Espa\u00f1a de Traves\u00edas.Colindres 11 Mayo 2024 Copa Espa\u00f1a Sprint Ol\u00edmpico. Sevilla 25.26 Mayo 2024 Campeonato &hellip; <\/p>\n<p class=\"link-more\"><a href=\"https:\/\/golpederemo.com\/?page_id=309\" class=\"more-link\">Continuar leyendo<span class=\"screen-reader-text\"> \u00ab2024\u00bb<\/span><\/a><\/p>\n","protected":false},"author":1,"featured_media":0,"parent":0,"menu_order":0,"comment_status":"closed","ping_status":"closed","template":"","meta":{"footnotes":""},"class_list":["post-309","page","type-page","status-publish","hentry"],"_links":{"self":[{"href":"https:\/\/golpederemo.com\/index.php?rest_route=\/wp\/v2\/pages\/309","targetHints":{"allow":["GET"]}}],"collection":[{"href":"https:\/\/golpederemo.com\/index.php?rest_route=\/wp\/v2\/pages"}],"about":[{"href":"https:\/\/golpederemo.com\/index.php?rest_route=\/wp\/v2\/types\/page"}],"author":[{"embeddable":true,"href":"https:\/\/golpederemo.com\/index.php?rest_route=\/wp\/v2\/users\/1"}],"replies":[{"embeddable":true,"href":"https:\/\/golpederemo.com\/index.php?rest_route=%2Fwp%2Fv2%2Fcomments&post=309"}],"version-history":[{"count":22,"href":"https:\/\/golpederemo.com\/index.php?rest_route=\/wp\/v2\/pages\/309\/revisions"}],"predecessor-version":[{"id":915,"href":"https:\/\/golpederemo.com\/index.php?rest_route=\/wp\/v2\/pages\/309\/revisions\/915"}],"wp:attachment":[{"href":"https:\/\/golpederemo.com\/index.php?rest_route=%2Fwp%2Fv2%2Fmedia&parent=309"}],"curies":[{"name":"wp","href":"https:\/\/api.w.org\/{rel}","templated":true}]}}